{"id":12,"date":"2025-08-22T10:57:05","date_gmt":"2025-08-22T10:57:05","guid":{"rendered":"https:\/\/colibri-ganesha.fr\/index.php\/front_page\/"},"modified":"2025-09-01T09:17:09","modified_gmt":"2025-09-01T09:17:09","slug":"bienvenue","status":"publish","type":"page","link":"https:\/\/colibri-ganesha.fr\/","title":{"rendered":"Accueil"},"content":{"rendered":"\n\n\n\n\n\n\n\n\n\n\n\n\n\n\n\n","protected":false},"excerpt":{"rendered":"","protected":false},"author":2,"featured_media":0,"parent":0,"menu_order":0,"comment_status":"closed","ping_status":"closed","template":"","meta":{"saved_in_kubio":true,"footnotes":""},"class_list":["post-12","page","type-page","status-publish","hentry"],"kubio_ai_page_context":{"short_desc":"","purpose":"general","isFrontPage":true},"yoast_head":"<!-- This site is optimized with the Yoast SEO plugin v27.3 - https:\/\/yoast.com\/product\/yoast-seo-wordpress\/ -->\n<title>Colibri et Ganesha Production<\/title>\n<meta name=\"description\" content=\"COLIBRI &amp; GANESHA est une soci\u00e9t\u00e9 de production audiovisuelle et d\u2019\u00e9v\u00e8nementiels bas\u00e9e dans le Var et la C\u00f4te d\u2019Azur. Elle produit des films documentaires et des captations pour les cha\u00eenes de t\u00e9l\u00e9visions fran\u00e7aises dont les Outre-Mers ainsi que des programmes pour le march\u00e9 de l\u2019institutionnel.\" \/>\n<meta name=\"robots\" content=\"index, follow, max-snippet:-1, max-image-preview:large, max-video-preview:-1\" \/>\n<link rel=\"canonical\" href=\"https:\/\/colibri-ganesha.fr\/\" \/>\n<meta property=\"og:locale\" content=\"fr_FR\" \/>\n<meta property=\"og:type\" content=\"article\" \/>\n<meta property=\"og:title\" content=\"Colibri et Ganesha Production\" \/>\n<meta property=\"og:description\" content=\"COLIBRI &amp; GANESHA est une soci\u00e9t\u00e9 de production audiovisuelle et d\u2019\u00e9v\u00e8nementiels bas\u00e9e dans le Var et la C\u00f4te d\u2019Azur. Elle produit des films documentaires et des captations pour les cha\u00eenes de t\u00e9l\u00e9visions fran\u00e7aises dont les Outre-Mers ainsi que des programmes pour le march\u00e9 de l\u2019institutionnel.\" \/>\n<meta property=\"og:url\" content=\"https:\/\/colibri-ganesha.fr\/\" \/>\n<meta property=\"og:site_name\" content=\"Colibri et Ganesha Production\" \/>\n<meta property=\"article:modified_time\" content=\"2025-09-01T09:17:09+00:00\" \/>\n<meta name=\"twitter:card\" content=\"summary_large_image\" \/>\n<script type=\"application\/ld+json\" class=\"yoast-schema-graph\">{\"@context\":\"https:\\\/\\\/schema.org\",\"@graph\":[{\"@type\":[\"WebPage\",\"AboutPage\"],\"@id\":\"https:\\\/\\\/colibri-ganesha.fr\\\/\",\"url\":\"https:\\\/\\\/colibri-ganesha.fr\\\/\",\"name\":\"Colibri et Ganesha Production\",\"isPartOf\":{\"@id\":\"https:\\\/\\\/colibri-ganesha.fr\\\/#website\"},\"datePublished\":\"2025-08-22T10:57:05+00:00\",\"dateModified\":\"2025-09-01T09:17:09+00:00\",\"description\":\"COLIBRI & GANESHA est une soci\u00e9t\u00e9 de production audiovisuelle et d\u2019\u00e9v\u00e8nementiels bas\u00e9e dans le Var et la C\u00f4te d\u2019Azur. Elle produit des films documentaires et des captations pour les cha\u00eenes de t\u00e9l\u00e9visions fran\u00e7aises dont les Outre-Mers ainsi que des programmes pour le march\u00e9 de l\u2019institutionnel.\",\"breadcrumb\":{\"@id\":\"https:\\\/\\\/colibri-ganesha.fr\\\/#breadcrumb\"},\"inLanguage\":\"fr-FR\",\"potentialAction\":[{\"@type\":\"ReadAction\",\"target\":[\"https:\\\/\\\/colibri-ganesha.fr\\\/\"]}]},{\"@type\":\"BreadcrumbList\",\"@id\":\"https:\\\/\\\/colibri-ganesha.fr\\\/#breadcrumb\",\"itemListElement\":[{\"@type\":\"ListItem\",\"position\":1,\"name\":\"Accueil\",\"item\":\"https:\\\/\\\/colibri-ganesha.fr\\\/\"},{\"@type\":\"ListItem\",\"position\":2,\"name\":\"Accueil\"}]},{\"@type\":\"WebSite\",\"@id\":\"https:\\\/\\\/colibri-ganesha.fr\\\/#website\",\"url\":\"https:\\\/\\\/colibri-ganesha.fr\\\/\",\"name\":\"Colibri et Ganesha Production\",\"description\":\"\",\"publisher\":{\"@id\":\"https:\\\/\\\/colibri-ganesha.fr\\\/#organization\"},\"potentialAction\":[{\"@type\":\"SearchAction\",\"target\":{\"@type\":\"EntryPoint\",\"urlTemplate\":\"https:\\\/\\\/colibri-ganesha.fr\\\/?s={search_term_string}\"},\"query-input\":{\"@type\":\"PropertyValueSpecification\",\"valueRequired\":true,\"valueName\":\"search_term_string\"}}],\"inLanguage\":\"fr-FR\"},{\"@type\":\"Organization\",\"@id\":\"https:\\\/\\\/colibri-ganesha.fr\\\/#organization\",\"name\":\"Colibri et Ganesha Production\",\"url\":\"https:\\\/\\\/colibri-ganesha.fr\\\/\",\"logo\":{\"@type\":\"ImageObject\",\"inLanguage\":\"fr-FR\",\"@id\":\"https:\\\/\\\/colibri-ganesha.fr\\\/#\\\/schema\\\/logo\\\/image\\\/\",\"url\":\"https:\\\/\\\/colibri-ganesha.fr\\\/wp-content\\\/uploads\\\/2025\\\/08\\\/Colibriganesha-LOGO-scaled.png\",\"contentUrl\":\"https:\\\/\\\/colibri-ganesha.fr\\\/wp-content\\\/uploads\\\/2025\\\/08\\\/Colibriganesha-LOGO-scaled.png\",\"width\":2560,\"height\":1836,\"caption\":\"Colibri et Ganesha Production\"},\"image\":{\"@id\":\"https:\\\/\\\/colibri-ganesha.fr\\\/#\\\/schema\\\/logo\\\/image\\\/\"}}]}<\/script>\n<!-- \/ Yoast SEO plugin. -->","yoast_head_json":{"title":"Colibri et Ganesha Production","description":"COLIBRI & GANESHA est une soci\u00e9t\u00e9 de production audiovisuelle et d\u2019\u00e9v\u00e8nementiels bas\u00e9e dans le Var et la C\u00f4te d\u2019Azur. Elle produit des films documentaires et des captations pour les cha\u00eenes de t\u00e9l\u00e9visions fran\u00e7aises dont les Outre-Mers ainsi que des programmes pour le march\u00e9 de l\u2019institutionnel.","robots":{"index":"index","follow":"follow","max-snippet":"max-snippet:-1","max-image-preview":"max-image-preview:large","max-video-preview":"max-video-preview:-1"},"canonical":"https:\/\/colibri-ganesha.fr\/","og_locale":"fr_FR","og_type":"article","og_title":"Colibri et Ganesha Production","og_description":"COLIBRI & GANESHA est une soci\u00e9t\u00e9 de production audiovisuelle et d\u2019\u00e9v\u00e8nementiels bas\u00e9e dans le Var et la C\u00f4te d\u2019Azur. Elle produit des films documentaires et des captations pour les cha\u00eenes de t\u00e9l\u00e9visions fran\u00e7aises dont les Outre-Mers ainsi que des programmes pour le march\u00e9 de l\u2019institutionnel.","og_url":"https:\/\/colibri-ganesha.fr\/","og_site_name":"Colibri et Ganesha Production","article_modified_time":"2025-09-01T09:17:09+00:00","twitter_card":"summary_large_image","schema":{"@context":"https:\/\/schema.org","@graph":[{"@type":["WebPage","AboutPage"],"@id":"https:\/\/colibri-ganesha.fr\/","url":"https:\/\/colibri-ganesha.fr\/","name":"Colibri et Ganesha Production","isPartOf":{"@id":"https:\/\/colibri-ganesha.fr\/#website"},"datePublished":"2025-08-22T10:57:05+00:00","dateModified":"2025-09-01T09:17:09+00:00","description":"COLIBRI & GANESHA est une soci\u00e9t\u00e9 de production audiovisuelle et d\u2019\u00e9v\u00e8nementiels bas\u00e9e dans le Var et la C\u00f4te d\u2019Azur. Elle produit des films documentaires et des captations pour les cha\u00eenes de t\u00e9l\u00e9visions fran\u00e7aises dont les Outre-Mers ainsi que des programmes pour le march\u00e9 de l\u2019institutionnel.","breadcrumb":{"@id":"https:\/\/colibri-ganesha.fr\/#breadcrumb"},"inLanguage":"fr-FR","potentialAction":[{"@type":"ReadAction","target":["https:\/\/colibri-ganesha.fr\/"]}]},{"@type":"BreadcrumbList","@id":"https:\/\/colibri-ganesha.fr\/#breadcrumb","itemListElement":[{"@type":"ListItem","position":1,"name":"Accueil","item":"https:\/\/colibri-ganesha.fr\/"},{"@type":"ListItem","position":2,"name":"Accueil"}]},{"@type":"WebSite","@id":"https:\/\/colibri-ganesha.fr\/#website","url":"https:\/\/colibri-ganesha.fr\/","name":"Colibri et Ganesha Production","description":"","publisher":{"@id":"https:\/\/colibri-ganesha.fr\/#organization"},"potentialAction":[{"@type":"SearchAction","target":{"@type":"EntryPoint","urlTemplate":"https:\/\/colibri-ganesha.fr\/?s={search_term_string}"},"query-input":{"@type":"PropertyValueSpecification","valueRequired":true,"valueName":"search_term_string"}}],"inLanguage":"fr-FR"},{"@type":"Organization","@id":"https:\/\/colibri-ganesha.fr\/#organization","name":"Colibri et Ganesha Production","url":"https:\/\/colibri-ganesha.fr\/","logo":{"@type":"ImageObject","inLanguage":"fr-FR","@id":"https:\/\/colibri-ganesha.fr\/#\/schema\/logo\/image\/","url":"https:\/\/colibri-ganesha.fr\/wp-content\/uploads\/2025\/08\/Colibriganesha-LOGO-scaled.png","contentUrl":"https:\/\/colibri-ganesha.fr\/wp-content\/uploads\/2025\/08\/Colibriganesha-LOGO-scaled.png","width":2560,"height":1836,"caption":"Colibri et Ganesha Production"},"image":{"@id":"https:\/\/colibri-ganesha.fr\/#\/schema\/logo\/image\/"}}]}},"_links":{"self":[{"href":"https:\/\/colibri-ganesha.fr\/index.php\/wp-json\/wp\/v2\/pages\/12","targetHints":{"allow":["GET"]}}],"collection":[{"href":"https:\/\/colibri-ganesha.fr\/index.php\/wp-json\/wp\/v2\/pages"}],"about":[{"href":"https:\/\/colibri-ganesha.fr\/index.php\/wp-json\/wp\/v2\/types\/page"}],"author":[{"embeddable":true,"href":"https:\/\/colibri-ganesha.fr\/index.php\/wp-json\/wp\/v2\/users\/2"}],"replies":[{"embeddable":true,"href":"https:\/\/colibri-ganesha.fr\/index.php\/wp-json\/wp\/v2\/comments?post=12"}],"version-history":[{"count":43,"href":"https:\/\/colibri-ganesha.fr\/index.php\/wp-json\/wp\/v2\/pages\/12\/revisions"}],"predecessor-version":[{"id":272,"href":"https:\/\/colibri-ganesha.fr\/index.php\/wp-json\/wp\/v2\/pages\/12\/revisions\/272"}],"wp:attachment":[{"href":"https:\/\/colibri-ganesha.fr\/index.php\/wp-json\/wp\/v2\/media?parent=12"}],"curies":[{"name":"wp","href":"https:\/\/api.w.org\/{rel}","templated":true}]}}